{"id":966,"date":"2015-01-14T18:29:10","date_gmt":"2015-01-14T16:29:10","guid":{"rendered":"http:\/\/www.brainscript.de\/?page_id=966"},"modified":"2015-01-21T12:29:42","modified_gmt":"2015-01-21T10:29:42","slug":"media-training","status":"publish","type":"page","link":"https:\/\/www.brainscript.de\/en\/media-training\/","title":{"rendered":"Media training"},"content":{"rendered":"<p class=\"Stil29\" align=\"left\">F\u00fchrungskr\u00e4fte der heutigen Zeit m\u00fcssen zu jeder Zeit volle Leistung bringen k\u00f6nnen \u2013 auch in Stresssituationen. Sie m\u00fcssen schnelle Entscheidungen treffen k\u00f6nnen, dabei einen k\u00fchlen Kopf bewahren und aufmerksam der Umwelt gegen\u00fcber sein. Sie weisen Ihrem Unternehmen eine Kursrichtung und bleiben stets entspannt. Um all dies vereinen zu k\u00f6nnen, bieten wir ausf\u00fchrliche Trainings an, in denen diese Schl\u00fcsselkompetenzen trainiert und vertieft werden. Wir helfen Ihnen, Ihre Kommunikation zu optimieren und so Ziele besser zu erreichen.<\/p>\n<p class=\"Stil29\" align=\"left\">Wir bieten Ihnen ausf\u00fchrliches Medientraining, bei dem Sie den Umgang mit Journalisten und der Presse lernen. An speziell f\u00fcr Sie zugeschnittenen Beispielen und \u00dcbungen lernen Sie spielend die Do&#8217;s and Dont&#8217;s der Medienlandschaft kennen. Sie lernen, welche Medien und Meinungsbildner f\u00fcr Sie entscheidend sind und bei welchen Sie weniger Aufwand betreiben sollten. Nur wer sein mediales Umfeld genau kennt, kann es auch f\u00fcr seine Zwecke einsetzen!<\/p>\n<p>Mit dem durch uns vermittelten Wissen k\u00f6nnen Sie sicher in der \u00d6ffentlichkeit auftreten und so die bestm\u00f6glichen Ergebnisse f\u00fcr sich selbst sowie f\u00fcr Ihr Unternehmen erzielen. Die Medientrainings bieten wir mit unseren Unternehmen <a href=\"http:\/\/medientraining-institut.de\/\">DIKT Deutsches Institut f\u00fcr Kommunikations- und MedienTraining GmbH<\/a> an.<\/p>\n","protected":false},"excerpt":{"rendered":"<p>F\u00fchrungskr\u00e4fte der heutigen Zeit m\u00fcssen zu jeder Zeit volle Leistung bringen k\u00f6nnen \u2013 auch in Stresssituationen. Sie m\u00fcssen schnelle Entscheidungen [&hellip;]<\/p>\n","protected":false},"author":1,"featured_media":0,"parent":0,"menu_order":0,"comment_status":"closed","ping_status":"open","template":"","meta":{"site-sidebar-layout":"default","site-content-layout":"","ast-site-content-layout":"default","site-content-style":"default","site-sidebar-style":"default","ast-global-header-display":"","ast-banner-title-visibility":"","ast-main-header-display":"","ast-hfb-above-header-display":"","ast-hfb-below-header-display":"","ast-hfb-mobile-header-display":"","site-post-title":"","ast-breadcrumbs-content":"","ast-featured-img":"","footer-sml-layout":"","ast-disable-related-posts":"","theme-transparent-header-meta":"","adv-header-id-meta":"","stick-header-meta":"","header-above-stick-meta":"","header-main-stick-meta":"","header-below-stick-meta":"","astra-migrate-meta-layouts":"default","ast-page-background-enabled":"default","ast-page-background-meta":{"desktop":{"background-color":"var(--ast-global-color-5)","background-image":"","background-repeat":"repeat","background-position":"center center","background-size":"auto","background-attachment":"scroll","background-type":"","background-media":"","overlay-type":"","overlay-color":"","overlay-opacity":"","overlay-gradient":""},"tablet":{"background-color":"","background-image":"","background-repeat":"repeat","background-position":"center center","background-size":"auto","background-attachment":"scroll","background-type":"","background-media":"","overlay-type":"","overlay-color":"","overlay-opacity":"","overlay-gradient":""},"mobile":{"background-color":"","background-image":"","background-repeat":"repeat","background-position":"center center","background-size":"auto","background-attachment":"scroll","background-type":"","background-media":"","overlay-type":"","overlay-color":"","overlay-opacity":"","overlay-gradient":""}},"ast-content-background-meta":{"desktop":{"background-color":"var(--ast-global-color-4)","background-image":"","background-repeat":"repeat","background-position":"center center","background-size":"auto","background-attachment":"scroll","background-type":"","background-media":"","overlay-type":"","overlay-color":"","overlay-opacity":"","overlay-gradient":""},"tablet":{"background-color":"var(--ast-global-color-4)","background-image":"","background-repeat":"repeat","background-position":"center center","background-size":"auto","background-attachment":"scroll","background-type":"","background-media":"","overlay-type":"","overlay-color":"","overlay-opacity":"","overlay-gradient":""},"mobile":{"background-color":"var(--ast-global-color-4)","background-image":"","background-repeat":"repeat","background-position":"center center","background-size":"auto","background-attachment":"scroll","background-type":"","background-media":"","overlay-type":"","overlay-color":"","overlay-opacity":"","overlay-gradient":""}},"footnotes":""},"class_list":["post-966","page","type-page","status-publish","hentry"],"yoast_head":"<!-- This site is optimized with the Yoast SEO plugin v27.4 - https:\/\/yoast.com\/product\/yoast-seo-wordpress\/ -->\n<title>Media training - brain script GmbH<\/title>\n<meta name=\"robots\" content=\"index, follow, max-snippet:-1, max-image-preview:large, max-video-preview:-1\" \/>\n<link rel=\"canonical\" href=\"https:\/\/www.brainscript.de\/en\/media-training\/\" \/>\n<meta property=\"og:locale\" content=\"en_US\" \/>\n<meta property=\"og:type\" content=\"article\" \/>\n<meta property=\"og:title\" content=\"Media training - brain script GmbH\" \/>\n<meta property=\"og:description\" content=\"F\u00fchrungskr\u00e4fte der heutigen Zeit m\u00fcssen zu jeder Zeit volle Leistung bringen k\u00f6nnen \u2013 auch in Stresssituationen. Sie m\u00fcssen schnelle Entscheidungen [&hellip;]\" \/>\n<meta property=\"og:url\" content=\"https:\/\/www.brainscript.de\/en\/media-training\/\" \/>\n<meta property=\"og:site_name\" content=\"brain script GmbH\" \/>\n<meta property=\"article:publisher\" content=\"https:\/\/www.facebook.com\/brainscript\" \/>\n<meta property=\"article:modified_time\" content=\"2015-01-21T10:29:42+00:00\" \/>\n<meta name=\"twitter:card\" content=\"summary_large_image\" \/>\n<meta name=\"twitter:label1\" content=\"Est. reading time\" \/>\n\t<meta name=\"twitter:data1\" content=\"1 minute\" \/>\n<script type=\"application\/ld+json\" class=\"yoast-schema-graph\">{\"@context\":\"https:\\\/\\\/schema.org\",\"@graph\":[{\"@type\":\"WebPage\",\"@id\":\"https:\\\/\\\/www.brainscript.de\\\/en\\\/media-training\\\/\",\"url\":\"https:\\\/\\\/www.brainscript.de\\\/en\\\/media-training\\\/\",\"name\":\"Media training - brain script GmbH\",\"isPartOf\":{\"@id\":\"https:\\\/\\\/www.brainscript.de\\\/#website\"},\"datePublished\":\"2015-01-14T16:29:10+00:00\",\"dateModified\":\"2015-01-21T10:29:42+00:00\",\"breadcrumb\":{\"@id\":\"https:\\\/\\\/www.brainscript.de\\\/en\\\/media-training\\\/#breadcrumb\"},\"inLanguage\":\"en-US\",\"potentialAction\":[{\"@type\":\"ReadAction\",\"target\":[\"https:\\\/\\\/www.brainscript.de\\\/en\\\/media-training\\\/\"]}]},{\"@type\":\"BreadcrumbList\",\"@id\":\"https:\\\/\\\/www.brainscript.de\\\/en\\\/media-training\\\/#breadcrumb\",\"itemListElement\":[{\"@type\":\"ListItem\",\"position\":1,\"name\":\"Home\",\"item\":\"https:\\\/\\\/www.brainscript.de\\\/en\\\/\"},{\"@type\":\"ListItem\",\"position\":2,\"name\":\"Media training\"}]},{\"@type\":\"WebSite\",\"@id\":\"https:\\\/\\\/www.brainscript.de\\\/#website\",\"url\":\"https:\\\/\\\/www.brainscript.de\\\/\",\"name\":\"brain script\u00ae a licensed DIKT GmbH brand\",\"description\":\"Corporate Video | Corporate TV | Imagefilm | Consulting | Publishing\",\"publisher\":{\"@id\":\"https:\\\/\\\/www.brainscript.de\\\/#organization\"},\"alternateName\":\"brain script\",\"potentialAction\":[{\"@type\":\"SearchAction\",\"target\":{\"@type\":\"EntryPoint\",\"urlTemplate\":\"https:\\\/\\\/www.brainscript.de\\\/?s={search_term_string}\"},\"query-input\":{\"@type\":\"PropertyValueSpecification\",\"valueRequired\":true,\"valueName\":\"search_term_string\"}}],\"inLanguage\":\"en-US\"},{\"@type\":\"Organization\",\"@id\":\"https:\\\/\\\/www.brainscript.de\\\/#organization\",\"name\":\"brain script GmbH\",\"url\":\"https:\\\/\\\/www.brainscript.de\\\/\",\"logo\":{\"@type\":\"ImageObject\",\"inLanguage\":\"en-US\",\"@id\":\"https:\\\/\\\/www.brainscript.de\\\/#\\\/schema\\\/logo\\\/image\\\/\",\"url\":\"https:\\\/\\\/www.brainscript.de\\\/wp-content\\\/uploads\\\/2015\\\/09\\\/brain-script-Logo-72dpi-klein_rgb.png\",\"contentUrl\":\"https:\\\/\\\/www.brainscript.de\\\/wp-content\\\/uploads\\\/2015\\\/09\\\/brain-script-Logo-72dpi-klein_rgb.png\",\"width\":180,\"height\":118,\"caption\":\"brain script GmbH\"},\"image\":{\"@id\":\"https:\\\/\\\/www.brainscript.de\\\/#\\\/schema\\\/logo\\\/image\\\/\"},\"sameAs\":[\"https:\\\/\\\/www.facebook.com\\\/brainscript\",\"https:\\\/\\\/www.instagram.com\\\/brainscript\\\/\"]}]}<\/script>\n<!-- \/ Yoast SEO plugin. -->","yoast_head_json":{"title":"Media training - brain script GmbH","robots":{"index":"index","follow":"follow","max-snippet":"max-snippet:-1","max-image-preview":"max-image-preview:large","max-video-preview":"max-video-preview:-1"},"canonical":"https:\/\/www.brainscript.de\/en\/media-training\/","og_locale":"en_US","og_type":"article","og_title":"Media training - brain script GmbH","og_description":"F\u00fchrungskr\u00e4fte der heutigen Zeit m\u00fcssen zu jeder Zeit volle Leistung bringen k\u00f6nnen \u2013 auch in Stresssituationen. Sie m\u00fcssen schnelle Entscheidungen [&hellip;]","og_url":"https:\/\/www.brainscript.de\/en\/media-training\/","og_site_name":"brain script GmbH","article_publisher":"https:\/\/www.facebook.com\/brainscript","article_modified_time":"2015-01-21T10:29:42+00:00","twitter_card":"summary_large_image","twitter_misc":{"Est. reading time":"1 minute"},"schema":{"@context":"https:\/\/schema.org","@graph":[{"@type":"WebPage","@id":"https:\/\/www.brainscript.de\/en\/media-training\/","url":"https:\/\/www.brainscript.de\/en\/media-training\/","name":"Media training - brain script GmbH","isPartOf":{"@id":"https:\/\/www.brainscript.de\/#website"},"datePublished":"2015-01-14T16:29:10+00:00","dateModified":"2015-01-21T10:29:42+00:00","breadcrumb":{"@id":"https:\/\/www.brainscript.de\/en\/media-training\/#breadcrumb"},"inLanguage":"en-US","potentialAction":[{"@type":"ReadAction","target":["https:\/\/www.brainscript.de\/en\/media-training\/"]}]},{"@type":"BreadcrumbList","@id":"https:\/\/www.brainscript.de\/en\/media-training\/#breadcrumb","itemListElement":[{"@type":"ListItem","position":1,"name":"Home","item":"https:\/\/www.brainscript.de\/en\/"},{"@type":"ListItem","position":2,"name":"Media training"}]},{"@type":"WebSite","@id":"https:\/\/www.brainscript.de\/#website","url":"https:\/\/www.brainscript.de\/","name":"brain script\u00ae a licensed DIKT GmbH brand","description":"Corporate Video | Corporate TV | Imagefilm | Consulting | Publishing","publisher":{"@id":"https:\/\/www.brainscript.de\/#organization"},"alternateName":"brain script","potentialAction":[{"@type":"SearchAction","target":{"@type":"EntryPoint","urlTemplate":"https:\/\/www.brainscript.de\/?s={search_term_string}"},"query-input":{"@type":"PropertyValueSpecification","valueRequired":true,"valueName":"search_term_string"}}],"inLanguage":"en-US"},{"@type":"Organization","@id":"https:\/\/www.brainscript.de\/#organization","name":"brain script GmbH","url":"https:\/\/www.brainscript.de\/","logo":{"@type":"ImageObject","inLanguage":"en-US","@id":"https:\/\/www.brainscript.de\/#\/schema\/logo\/image\/","url":"https:\/\/www.brainscript.de\/wp-content\/uploads\/2015\/09\/brain-script-Logo-72dpi-klein_rgb.png","contentUrl":"https:\/\/www.brainscript.de\/wp-content\/uploads\/2015\/09\/brain-script-Logo-72dpi-klein_rgb.png","width":180,"height":118,"caption":"brain script GmbH"},"image":{"@id":"https:\/\/www.brainscript.de\/#\/schema\/logo\/image\/"},"sameAs":["https:\/\/www.facebook.com\/brainscript","https:\/\/www.instagram.com\/brainscript\/"]}]}},"_links":{"self":[{"href":"https:\/\/www.brainscript.de\/en\/wp-json\/wp\/v2\/pages\/966","targetHints":{"allow":["GET"]}}],"collection":[{"href":"https:\/\/www.brainscript.de\/en\/wp-json\/wp\/v2\/pages"}],"about":[{"href":"https:\/\/www.brainscript.de\/en\/wp-json\/wp\/v2\/types\/page"}],"author":[{"embeddable":true,"href":"https:\/\/www.brainscript.de\/en\/wp-json\/wp\/v2\/users\/1"}],"replies":[{"embeddable":true,"href":"https:\/\/www.brainscript.de\/en\/wp-json\/wp\/v2\/comments?post=966"}],"version-history":[{"count":2,"href":"https:\/\/www.brainscript.de\/en\/wp-json\/wp\/v2\/pages\/966\/revisions"}],"predecessor-version":[{"id":968,"href":"https:\/\/www.brainscript.de\/en\/wp-json\/wp\/v2\/pages\/966\/revisions\/968"}],"wp:attachment":[{"href":"https:\/\/www.brainscript.de\/en\/wp-json\/wp\/v2\/media?parent=966"}],"curies":[{"name":"wp","href":"https:\/\/api.w.org\/{rel}","templated":true}]}}