{"id":971,"date":"2015-01-14T18:31:20","date_gmt":"2015-01-14T16:31:20","guid":{"rendered":"http:\/\/www.brainscript.de\/?page_id=971"},"modified":"2015-01-22T14:33:26","modified_gmt":"2015-01-22T12:33:26","slug":"communication-consulting","status":"publish","type":"page","link":"https:\/\/www.brainscript.de\/en\/communication-consulting\/","title":{"rendered":"Communication Consulting"},"content":{"rendered":"<p class=\"Stil23\" align=\"left\">Sie erhalten von uns eine ausf\u00fchrliche Beratung in Bezug auf Ihre bestehende Unternehmens-kommunikation, sowohl intern aus auch extern. Gemeinsam mit Ihnen definieren wir W\u00fcnsche und Ziele, und entwickeln einen effektiven Kommunikationsplan. Drei Bereiche umfasst die Unternehmens-kommunikation: die externe Kommunikation bez\u00fcglich des Unternehmens, die externe Kommunikation bez\u00fcglich der Produktpalette, sowie die internen Kommunikation. Diese drei Bereiche m\u00fcssen gleichsam gef\u00f6rdert werden, um Ihren Erfolg optimieren zu k\u00f6nnen.<\/p>\n<p class=\"Stil23\" align=\"left\">Nach sorgf\u00e4ltiger Analyse und Pr\u00fcfung der internen Akzeptanz, zeigen wir Ihnen Wege auf, wie Sie Ihre interne Kommunikationsstruktur verbessern und in direkteren Kontakt mit Ihren Mitarbeitern und Kollegen treten k\u00f6nnen. Wir helfen Ihnen bei der Einf\u00fchrung von <a href=\"http:\/\/www.ctva.de\/begriffsdefinition.asp\" target=\"_blank\"><strong>Corporate TV<\/strong><\/a>, beraten Ihr firmeninternes Kommunikationsteam und zeigen Ihnen L\u00f6sungen auf, wie bestehende Kommunikationswege effektiver eingesetzt werden k\u00f6nnen. Mit Hilfe von interner Workshops, Mitarbeiterbefragungen und Feedback-Aktionen k\u00f6nnen Sie aktiv in den Dialog mit Ihren Mitarbeitern und Kollegen treten \u2013 und diesen nachhaltig verbessern. Durch das Nutzen des Intranets, von Projektblogs und CEO-Blogs, sowie Newslettern und Rundschreiben informieren Sie Ihr Unternehmen \u00fcber aktuelle Geschehnisse und binden jeden einzelnen mit ein. Wir helfen Ihnen dabei.<\/p>\n<p class=\"Stil23\" align=\"left\">Ihre externe Kommunikation wird nach sorgf\u00e4ltiger Bestandsanalyse mit Hilfe des bestehenden Kommunikationsteams Ihres Unternehmens optimiert. Durch Internetauftritte, Fachartikel, Presse-mitteilungen, Vortr\u00e4gen bei branchen-relevanten Events, Interviews sowie dem Nutzen von Corporate TV k\u00f6nnen wir Ihre Medienpr\u00e4senz verst\u00e4rken und daf\u00fcr sorgen, dass die Informationen jeweils die richtigen Kan\u00e4le erreichen.<\/p>\n<p class=\"Stil23\" align=\"left\">Gemeinsam mit Ihnen erarbeiten wir ein Corporate Wording und helfen Ihrer internen Kommunikations-abteilung bei der Formulierung von unternehmensspezifischen Imagetexten, Zukunftspl\u00e4nen oder auch bei der Ausformulierung der Firmen-Website. Leitlinien und Sprachregelungen werden ebenso mit Ihnen festgesetzt wie auch bestehende Texte evaluiert und \u00fcberarbeitet. Ihren W\u00fcnschen und Vorstellungen entsprechende entwickeln wir f\u00fcr Sie einen Imagefilm, der Ihr Unternehmen sowohl in der internen als auch externen Kommunikation unterst\u00fctzen kann.<\/p>\n<p class=\"Stil23\" align=\"left\">Durch st\u00e4ndige <a href=\"http:\/\/de.wikipedia.org\/wiki\/Evaluation\" target=\"_blank\"><strong>Evaluation<\/strong><\/a> k\u00f6nnen wir zeitnah auf Reaktionen von Stakeholdern oder der allgemeinen \u00d6ffentlichkeit reagieren, und so Krisen abwenden und an der Verbesserung Ihrer Reputation und Ihres Widererkennungswerts aktiv arbeiten.<\/p>\n","protected":false},"excerpt":{"rendered":"<p>Sie erhalten von uns eine ausf\u00fchrliche Beratung in Bezug auf Ihre bestehende Unternehmens-kommunikation, sowohl intern aus auch extern. Gemeinsam mit [&hellip;]<\/p>\n","protected":false},"author":1,"featured_media":0,"parent":0,"menu_order":0,"comment_status":"closed","ping_status":"closed","template":"","meta":{"site-sidebar-layout":"default","site-content-layout":"","ast-site-content-layout":"default","site-content-style":"default","site-sidebar-style":"default","ast-global-header-display":"","ast-banner-title-visibility":"","ast-main-header-display":"","ast-hfb-above-header-display":"","ast-hfb-below-header-display":"","ast-hfb-mobile-header-display":"","site-post-title":"","ast-breadcrumbs-content":"","ast-featured-img":"","footer-sml-layout":"","ast-disable-related-posts":"","theme-transparent-header-meta":"","adv-header-id-meta":"","stick-header-meta":"","header-above-stick-meta":"","header-main-stick-meta":"","header-below-stick-meta":"","astra-migrate-meta-layouts":"default","ast-page-background-enabled":"default","ast-page-background-meta":{"desktop":{"background-color":"var(--ast-global-color-5)","background-image":"","background-repeat":"repeat","background-position":"center center","background-size":"auto","background-attachment":"scroll","background-type":"","background-media":"","overlay-type":"","overlay-color":"","overlay-opacity":"","overlay-gradient":""},"tablet":{"background-color":"","background-image":"","background-repeat":"repeat","background-position":"center center","background-size":"auto","background-attachment":"scroll","background-type":"","background-media":"","overlay-type":"","overlay-color":"","overlay-opacity":"","overlay-gradient":""},"mobile":{"background-color":"","background-image":"","background-repeat":"repeat","background-position":"center center","background-size":"auto","background-attachment":"scroll","background-type":"","background-media":"","overlay-type":"","overlay-color":"","overlay-opacity":"","overlay-gradient":""}},"ast-content-background-meta":{"desktop":{"background-color":"var(--ast-global-color-4)","background-image":"","background-repeat":"repeat","background-position":"center center","background-size":"auto","background-attachment":"scroll","background-type":"","background-media":"","overlay-type":"","overlay-color":"","overlay-opacity":"","overlay-gradient":""},"tablet":{"background-color":"var(--ast-global-color-4)","background-image":"","background-repeat":"repeat","background-position":"center center","background-size":"auto","background-attachment":"scroll","background-type":"","background-media":"","overlay-type":"","overlay-color":"","overlay-opacity":"","overlay-gradient":""},"mobile":{"background-color":"var(--ast-global-color-4)","background-image":"","background-repeat":"repeat","background-position":"center center","background-size":"auto","background-attachment":"scroll","background-type":"","background-media":"","overlay-type":"","overlay-color":"","overlay-opacity":"","overlay-gradient":""}},"footnotes":""},"class_list":["post-971","page","type-page","status-publish","hentry"],"yoast_head":"<!-- This site is optimized with the Yoast SEO plugin v27.4 - https:\/\/yoast.com\/product\/yoast-seo-wordpress\/ -->\n<title>Communication Consulting - brain script GmbH<\/title>\n<meta name=\"robots\" content=\"index, follow, max-snippet:-1, max-image-preview:large, max-video-preview:-1\" \/>\n<link rel=\"canonical\" href=\"https:\/\/www.brainscript.de\/en\/communication-consulting\/\" \/>\n<meta property=\"og:locale\" content=\"en_US\" \/>\n<meta property=\"og:type\" content=\"article\" \/>\n<meta property=\"og:title\" content=\"Communication Consulting - brain script GmbH\" \/>\n<meta property=\"og:description\" content=\"Sie erhalten von uns eine ausf\u00fchrliche Beratung in Bezug auf Ihre bestehende Unternehmens-kommunikation, sowohl intern aus auch extern. Gemeinsam mit [&hellip;]\" \/>\n<meta property=\"og:url\" content=\"https:\/\/www.brainscript.de\/en\/communication-consulting\/\" \/>\n<meta property=\"og:site_name\" content=\"brain script GmbH\" \/>\n<meta property=\"article:publisher\" content=\"https:\/\/www.facebook.com\/brainscript\" \/>\n<meta property=\"article:modified_time\" content=\"2015-01-22T12:33:26+00:00\" \/>\n<meta name=\"twitter:card\" content=\"summary_large_image\" \/>\n<meta name=\"twitter:label1\" content=\"Est. reading time\" \/>\n\t<meta name=\"twitter:data1\" content=\"2 minutes\" \/>\n<script type=\"application\/ld+json\" class=\"yoast-schema-graph\">{\"@context\":\"https:\\\/\\\/schema.org\",\"@graph\":[{\"@type\":\"WebPage\",\"@id\":\"https:\\\/\\\/www.brainscript.de\\\/en\\\/communication-consulting\\\/\",\"url\":\"https:\\\/\\\/www.brainscript.de\\\/en\\\/communication-consulting\\\/\",\"name\":\"Communication Consulting - brain script GmbH\",\"isPartOf\":{\"@id\":\"https:\\\/\\\/www.brainscript.de\\\/#website\"},\"datePublished\":\"2015-01-14T16:31:20+00:00\",\"dateModified\":\"2015-01-22T12:33:26+00:00\",\"breadcrumb\":{\"@id\":\"https:\\\/\\\/www.brainscript.de\\\/en\\\/communication-consulting\\\/#breadcrumb\"},\"inLanguage\":\"en-US\",\"potentialAction\":[{\"@type\":\"ReadAction\",\"target\":[\"https:\\\/\\\/www.brainscript.de\\\/en\\\/communication-consulting\\\/\"]}]},{\"@type\":\"BreadcrumbList\",\"@id\":\"https:\\\/\\\/www.brainscript.de\\\/en\\\/communication-consulting\\\/#breadcrumb\",\"itemListElement\":[{\"@type\":\"ListItem\",\"position\":1,\"name\":\"Home\",\"item\":\"https:\\\/\\\/www.brainscript.de\\\/en\\\/\"},{\"@type\":\"ListItem\",\"position\":2,\"name\":\"Communication Consulting\"}]},{\"@type\":\"WebSite\",\"@id\":\"https:\\\/\\\/www.brainscript.de\\\/#website\",\"url\":\"https:\\\/\\\/www.brainscript.de\\\/\",\"name\":\"brain script\u00ae a licensed DIKT GmbH brand\",\"description\":\"Corporate Video | Corporate TV | Imagefilm | Consulting | Publishing\",\"publisher\":{\"@id\":\"https:\\\/\\\/www.brainscript.de\\\/#organization\"},\"alternateName\":\"brain script\",\"potentialAction\":[{\"@type\":\"SearchAction\",\"target\":{\"@type\":\"EntryPoint\",\"urlTemplate\":\"https:\\\/\\\/www.brainscript.de\\\/?s={search_term_string}\"},\"query-input\":{\"@type\":\"PropertyValueSpecification\",\"valueRequired\":true,\"valueName\":\"search_term_string\"}}],\"inLanguage\":\"en-US\"},{\"@type\":\"Organization\",\"@id\":\"https:\\\/\\\/www.brainscript.de\\\/#organization\",\"name\":\"brain script GmbH\",\"url\":\"https:\\\/\\\/www.brainscript.de\\\/\",\"logo\":{\"@type\":\"ImageObject\",\"inLanguage\":\"en-US\",\"@id\":\"https:\\\/\\\/www.brainscript.de\\\/#\\\/schema\\\/logo\\\/image\\\/\",\"url\":\"https:\\\/\\\/www.brainscript.de\\\/wp-content\\\/uploads\\\/2015\\\/09\\\/brain-script-Logo-72dpi-klein_rgb.png\",\"contentUrl\":\"https:\\\/\\\/www.brainscript.de\\\/wp-content\\\/uploads\\\/2015\\\/09\\\/brain-script-Logo-72dpi-klein_rgb.png\",\"width\":180,\"height\":118,\"caption\":\"brain script GmbH\"},\"image\":{\"@id\":\"https:\\\/\\\/www.brainscript.de\\\/#\\\/schema\\\/logo\\\/image\\\/\"},\"sameAs\":[\"https:\\\/\\\/www.facebook.com\\\/brainscript\",\"https:\\\/\\\/www.instagram.com\\\/brainscript\\\/\"]}]}<\/script>\n<!-- \/ Yoast SEO plugin. -->","yoast_head_json":{"title":"Communication Consulting - brain script GmbH","robots":{"index":"index","follow":"follow","max-snippet":"max-snippet:-1","max-image-preview":"max-image-preview:large","max-video-preview":"max-video-preview:-1"},"canonical":"https:\/\/www.brainscript.de\/en\/communication-consulting\/","og_locale":"en_US","og_type":"article","og_title":"Communication Consulting - brain script GmbH","og_description":"Sie erhalten von uns eine ausf\u00fchrliche Beratung in Bezug auf Ihre bestehende Unternehmens-kommunikation, sowohl intern aus auch extern. Gemeinsam mit [&hellip;]","og_url":"https:\/\/www.brainscript.de\/en\/communication-consulting\/","og_site_name":"brain script GmbH","article_publisher":"https:\/\/www.facebook.com\/brainscript","article_modified_time":"2015-01-22T12:33:26+00:00","twitter_card":"summary_large_image","twitter_misc":{"Est. reading time":"2 minutes"},"schema":{"@context":"https:\/\/schema.org","@graph":[{"@type":"WebPage","@id":"https:\/\/www.brainscript.de\/en\/communication-consulting\/","url":"https:\/\/www.brainscript.de\/en\/communication-consulting\/","name":"Communication Consulting - brain script GmbH","isPartOf":{"@id":"https:\/\/www.brainscript.de\/#website"},"datePublished":"2015-01-14T16:31:20+00:00","dateModified":"2015-01-22T12:33:26+00:00","breadcrumb":{"@id":"https:\/\/www.brainscript.de\/en\/communication-consulting\/#breadcrumb"},"inLanguage":"en-US","potentialAction":[{"@type":"ReadAction","target":["https:\/\/www.brainscript.de\/en\/communication-consulting\/"]}]},{"@type":"BreadcrumbList","@id":"https:\/\/www.brainscript.de\/en\/communication-consulting\/#breadcrumb","itemListElement":[{"@type":"ListItem","position":1,"name":"Home","item":"https:\/\/www.brainscript.de\/en\/"},{"@type":"ListItem","position":2,"name":"Communication Consulting"}]},{"@type":"WebSite","@id":"https:\/\/www.brainscript.de\/#website","url":"https:\/\/www.brainscript.de\/","name":"brain script\u00ae a licensed DIKT GmbH brand","description":"Corporate Video | Corporate TV | Imagefilm | Consulting | Publishing","publisher":{"@id":"https:\/\/www.brainscript.de\/#organization"},"alternateName":"brain script","potentialAction":[{"@type":"SearchAction","target":{"@type":"EntryPoint","urlTemplate":"https:\/\/www.brainscript.de\/?s={search_term_string}"},"query-input":{"@type":"PropertyValueSpecification","valueRequired":true,"valueName":"search_term_string"}}],"inLanguage":"en-US"},{"@type":"Organization","@id":"https:\/\/www.brainscript.de\/#organization","name":"brain script GmbH","url":"https:\/\/www.brainscript.de\/","logo":{"@type":"ImageObject","inLanguage":"en-US","@id":"https:\/\/www.brainscript.de\/#\/schema\/logo\/image\/","url":"https:\/\/www.brainscript.de\/wp-content\/uploads\/2015\/09\/brain-script-Logo-72dpi-klein_rgb.png","contentUrl":"https:\/\/www.brainscript.de\/wp-content\/uploads\/2015\/09\/brain-script-Logo-72dpi-klein_rgb.png","width":180,"height":118,"caption":"brain script GmbH"},"image":{"@id":"https:\/\/www.brainscript.de\/#\/schema\/logo\/image\/"},"sameAs":["https:\/\/www.facebook.com\/brainscript","https:\/\/www.instagram.com\/brainscript\/"]}]}},"_links":{"self":[{"href":"https:\/\/www.brainscript.de\/en\/wp-json\/wp\/v2\/pages\/971","targetHints":{"allow":["GET"]}}],"collection":[{"href":"https:\/\/www.brainscript.de\/en\/wp-json\/wp\/v2\/pages"}],"about":[{"href":"https:\/\/www.brainscript.de\/en\/wp-json\/wp\/v2\/types\/page"}],"author":[{"embeddable":true,"href":"https:\/\/www.brainscript.de\/en\/wp-json\/wp\/v2\/users\/1"}],"replies":[{"embeddable":true,"href":"https:\/\/www.brainscript.de\/en\/wp-json\/wp\/v2\/comments?post=971"}],"version-history":[{"count":2,"href":"https:\/\/www.brainscript.de\/en\/wp-json\/wp\/v2\/pages\/971\/revisions"}],"predecessor-version":[{"id":1112,"href":"https:\/\/www.brainscript.de\/en\/wp-json\/wp\/v2\/pages\/971\/revisions\/1112"}],"wp:attachment":[{"href":"https:\/\/www.brainscript.de\/en\/wp-json\/wp\/v2\/media?parent=971"}],"curies":[{"name":"wp","href":"https:\/\/api.w.org\/{rel}","templated":true}]}}