{"id":986,"date":"2014-01-31T16:51:01","date_gmt":"2014-01-31T14:51:01","guid":{"rendered":"http:\/\/www.brainscript.de\/?page_id=986"},"modified":"2025-10-16T17:06:16","modified_gmt":"2025-10-16T15:06:16","slug":"company","status":"publish","type":"page","link":"https:\/\/www.brainscript.de\/en\/company\/","title":{"rendered":"Company"},"content":{"rendered":"<div class=\"wpb-content-wrapper\"><p>[vc_row][vc_column width=&#8221;1\/1&#8243;][vc_column_text]<\/p>\n<section id=\"text-10\" class=\"widget widget_text\">\n<div class=\"widget-title\">Kommunikationsberatung, Strategie und Bewegtbild<\/div>\n<div class=\"widget-title\">Mehr als 20 Jahre Kompetenz in Beratung, Fernsehen und Print<\/div>\n<div class=\"widget-title\"><\/div>\n<div class=\"textwidget\">brain script bietet Ihnen Beratung und Dienstleistungen in Strategie und Kommunikation, Integrierte Kommunikation, Kommunikation unter Einbeziehung von Bewegtbild, Kommunikation mit klassischen Printelementen und spezielle Formen der Kommunikation wie Virales Marketing, Virale Clips, Guerilla Marketing. Im Bereich der Bewegtbild-Kommunikation* konzeptioniert und produziert brain script sowohl Corporate TV in allen Erscheinungsformen (wie zum Beispiel Mitarbeiter TV, Kunden TV, Business-TV , Stakeholder TV oder F\u00fchrungskr\u00e4fte-TV), als auch Unternehmensdarstellungen in Form von Image-Filmen, Mood-Filmen oder Messe-Filmen. brain script entwickelt dar\u00fcber hinaus auch f\u00fcr spezielle Formen der Bewegtbild-Kommunikation neue Konzepte (Trainingsvideos, Lernunterst\u00fctzung, Lehrfilme, Video-Gebrauchsanweisungen und interaktive Anwendungen f\u00fcr die Online-Kommunikation). Nikolai A. Behr, Gesch\u00e4ftsf\u00fchrer der brain script, steht mit seiner nun \u00fcber zwanzigj\u00e4hrigen Berufserfahrung f\u00fcr Qualit\u00e4t, Zuverl\u00e4ssigkeit und innovative Strategieentwicklung im Kommunikationsbereich. brain script entwickelt f\u00fcr Kunden umfassende Konzepte und Strategien f\u00fcr ganzheitliche integrierte Kommunikation. Dabei werden von brain script zun\u00e4chst die vorhandenen Kommunikationskan\u00e4le und Botschaften umfassend analysiert und ausgewertet. Zusammen mit dem Kunden entwickelt brain script dann Zielvorgaben f\u00fcr alle Bereiche der Kommunikation des Unternehmens. Die Umsetzung der Kommunikationsma\u00dfnahmen erfolgen in Abstimmung mit allen anderen Wegen der Kommunikation, die ein Unternehmen oder eine Institution nutzt. Dabei setzt brain script konzeptionell vor allem auf Integrierte Kommunikation. *(Bewegtbild-Kommunikation hat sich in Deutschland als Begriff f\u00fcr Video basierte Kommunikation etabliert)<\/div>\n<\/section>\n<section id=\"text-10\" class=\"widget widget_text\">\n<div class=\"widget-title\">Die f\u00fcnf brain script-Regeln f\u00fcr gute Kommunikation sind:<\/div>\n<div class=\"widget-title\"><\/div>\n<ol>\n<li>Kommunikation sollte transparent, offen und ehrlich sein<br \/>\n(Es muss nicht alles kommuniziert werden. Was aber kommuniziert wird, muss richtig und verl\u00e4sslich sein)<\/li>\n<li>Kommunikation bedeutet nicht nur reden, sondern auch zuh\u00f6ren<br \/>\n(nur wer seine Kunden und ihre W\u00fcnsche kennt, kann auch darauf eingehen)<\/li>\n<li>Kommunikation soll Emotionen erkennen lassen, aber dennoch sachlich bleiben<br \/>\n(wer Einf\u00fchlungsverm\u00f6gen und Wertsch\u00e4tzung vermittelt, kann besser kommunizieren)<\/li>\n<li>Kommunikation erfordert Strukturen<br \/>\n(richtige Kommunikationsstrukturen m\u00fcssen rechtzeitig etabliert werden und allen Beteiligten bekannt sein)<\/li>\n<li>Kommunikation ben\u00f6tigt Gelegenheit<br \/>\n(schaffen Sie f\u00fcr sich, Ihr Unternehmen und Ihre Kunden Anl\u00e4sse und Gelegenheiten f\u00fcr Kommunikation)<\/li>\n<\/ol>\n<p>&nbsp;<\/p>\n<p>&nbsp;<\/p>\n<p>&nbsp;<\/p>\n<p><a href=\"http:\/\/www.brainscript.de\/wp-content\/uploads\/2014\/07\/ctva_logo_color+alpha.jpg\"><img loading=\"lazy\" decoding=\"async\" class=\"alignnone wp-image-479 \" src=\"http:\/\/www.brainscript.de\/wp-content\/uploads\/2014\/07\/ctva_logo_color+alpha.jpg\" alt=\"\" width=\"337\" height=\"65\" srcset=\"https:\/\/www.brainscript.de\/wp-content\/uploads\/2014\/07\/ctva_logo_color+alpha.jpg 700w, https:\/\/www.brainscript.de\/wp-content\/uploads\/2014\/07\/ctva_logo_color+alpha-300x57.jpg 300w\" sizes=\"auto, (max-width: 337px) 100vw, 337px\" \/><\/a><\/p>\n<p>brain script ist Mitglied der<br \/>\nCorporate TV Association (CTVA) e.V.<br \/>\nund hat sich den CTVA Qualit\u00e4tsstandards verpflichtet.<\/p>\n<\/section>\n<p>[\/vc_column_text][\/vc_column][\/vc_row]<\/p>\n<\/div>","protected":false},"excerpt":{"rendered":"<p>[vc_row][vc_column width=&#8221;1\/1&#8243;][vc_column_text] Kommunikationsberatung, Strategie und Bewegtbild Mehr als 20 Jahre Kompetenz in Beratung, Fernsehen und Print brain script bietet Ihnen [&hellip;]<\/p>\n","protected":false},"author":1,"featured_media":1746,"parent":0,"menu_order":0,"comment_status":"closed","ping_status":"closed","template":"","meta":{"site-sidebar-layout":"default","site-content-layout":"","ast-site-content-layout":"default","site-content-style":"default","site-sidebar-style":"default","ast-global-header-display":"","ast-banner-title-visibility":"","ast-main-header-display":"","ast-hfb-above-header-display":"","ast-hfb-below-header-display":"","ast-hfb-mobile-header-display":"","site-post-title":"","ast-breadcrumbs-content":"","ast-featured-img":"","footer-sml-layout":"","ast-disable-related-posts":"","theme-transparent-header-meta":"","adv-header-id-meta":"","stick-header-meta":"","header-above-stick-meta":"","header-main-stick-meta":"","header-below-stick-meta":"","astra-migrate-meta-layouts":"default","ast-page-background-enabled":"default","ast-page-background-meta":{"desktop":{"background-color":"var(--ast-global-color-5)","background-image":"","background-repeat":"repeat","background-position":"center center","background-size":"auto","background-attachment":"scroll","background-type":"","background-media":"","overlay-type":"","overlay-color":"","overlay-opacity":"","overlay-gradient":""},"tablet":{"background-color":"","background-image":"","background-repeat":"repeat","background-position":"center center","background-size":"auto","background-attachment":"scroll","background-type":"","background-media":"","overlay-type":"","overlay-color":"","overlay-opacity":"","overlay-gradient":""},"mobile":{"background-color":"","background-image":"","background-repeat":"repeat","background-position":"center center","background-size":"auto","background-attachment":"scroll","background-type":"","background-media":"","overlay-type":"","overlay-color":"","overlay-opacity":"","overlay-gradient":""}},"ast-content-background-meta":{"desktop":{"background-color":"var(--ast-global-color-4)","background-image":"","background-repeat":"repeat","background-position":"center center","background-size":"auto","background-attachment":"scroll","background-type":"","background-media":"","overlay-type":"","overlay-color":"","overlay-opacity":"","overlay-gradient":""},"tablet":{"background-color":"var(--ast-global-color-4)","background-image":"","background-repeat":"repeat","background-position":"center center","background-size":"auto","background-attachment":"scroll","background-type":"","background-media":"","overlay-type":"","overlay-color":"","overlay-opacity":"","overlay-gradient":""},"mobile":{"background-color":"var(--ast-global-color-4)","background-image":"","background-repeat":"repeat","background-position":"center center","background-size":"auto","background-attachment":"scroll","background-type":"","background-media":"","overlay-type":"","overlay-color":"","overlay-opacity":"","overlay-gradient":""}},"footnotes":""},"class_list":["post-986","page","type-page","status-publish","has-post-thumbnail","hentry"],"yoast_head":"<!-- This site is optimized with the Yoast SEO plugin v27.4 - https:\/\/yoast.com\/product\/yoast-seo-wordpress\/ -->\n<title>Company - brain script GmbH<\/title>\n<meta name=\"robots\" content=\"index, follow, max-snippet:-1, max-image-preview:large, max-video-preview:-1\" \/>\n<link rel=\"canonical\" href=\"https:\/\/www.brainscript.de\/en\/company\/\" \/>\n<meta property=\"og:locale\" content=\"en_US\" \/>\n<meta property=\"og:type\" content=\"article\" \/>\n<meta property=\"og:title\" content=\"Company - brain script GmbH\" \/>\n<meta property=\"og:description\" content=\"[vc_row][vc_column width=&#8221;1\/1&#8243;][vc_column_text] Kommunikationsberatung, Strategie und Bewegtbild Mehr als 20 Jahre Kompetenz in Beratung, Fernsehen und Print brain script bietet Ihnen [&hellip;]\" \/>\n<meta property=\"og:url\" content=\"https:\/\/www.brainscript.de\/en\/company\/\" \/>\n<meta property=\"og:site_name\" content=\"brain script GmbH\" \/>\n<meta property=\"article:publisher\" content=\"https:\/\/www.facebook.com\/brainscript\" \/>\n<meta property=\"article:modified_time\" content=\"2025-10-16T15:06:16+00:00\" \/>\n<meta property=\"og:image\" content=\"https:\/\/www.brainscript.de\/wp-content\/uploads\/2017\/01\/Dreh_BKK_brain_script.jpg\" \/>\n\t<meta property=\"og:image:width\" content=\"1200\" \/>\n\t<meta property=\"og:image:height\" content=\"675\" \/>\n\t<meta property=\"og:image:type\" content=\"image\/jpeg\" \/>\n<meta name=\"twitter:card\" content=\"summary_large_image\" \/>\n<meta name=\"twitter:label1\" content=\"Est. reading time\" \/>\n\t<meta name=\"twitter:data1\" content=\"3 minutes\" \/>\n<script type=\"application\/ld+json\" class=\"yoast-schema-graph\">{\"@context\":\"https:\\\/\\\/schema.org\",\"@graph\":[{\"@type\":\"WebPage\",\"@id\":\"https:\\\/\\\/www.brainscript.de\\\/en\\\/company\\\/\",\"url\":\"https:\\\/\\\/www.brainscript.de\\\/en\\\/company\\\/\",\"name\":\"Company - brain script GmbH\",\"isPartOf\":{\"@id\":\"https:\\\/\\\/www.brainscript.de\\\/#website\"},\"primaryImageOfPage\":{\"@id\":\"https:\\\/\\\/www.brainscript.de\\\/en\\\/company\\\/#primaryimage\"},\"image\":{\"@id\":\"https:\\\/\\\/www.brainscript.de\\\/en\\\/company\\\/#primaryimage\"},\"thumbnailUrl\":\"https:\\\/\\\/www.brainscript.de\\\/wp-content\\\/uploads\\\/2017\\\/01\\\/Dreh_BKK_brain_script.jpg\",\"datePublished\":\"2014-01-31T14:51:01+00:00\",\"dateModified\":\"2025-10-16T15:06:16+00:00\",\"breadcrumb\":{\"@id\":\"https:\\\/\\\/www.brainscript.de\\\/en\\\/company\\\/#breadcrumb\"},\"inLanguage\":\"en-US\",\"potentialAction\":[{\"@type\":\"ReadAction\",\"target\":[\"https:\\\/\\\/www.brainscript.de\\\/en\\\/company\\\/\"]}]},{\"@type\":\"ImageObject\",\"inLanguage\":\"en-US\",\"@id\":\"https:\\\/\\\/www.brainscript.de\\\/en\\\/company\\\/#primaryimage\",\"url\":\"https:\\\/\\\/www.brainscript.de\\\/wp-content\\\/uploads\\\/2017\\\/01\\\/Dreh_BKK_brain_script.jpg\",\"contentUrl\":\"https:\\\/\\\/www.brainscript.de\\\/wp-content\\\/uploads\\\/2017\\\/01\\\/Dreh_BKK_brain_script.jpg\",\"width\":1200,\"height\":675},{\"@type\":\"BreadcrumbList\",\"@id\":\"https:\\\/\\\/www.brainscript.de\\\/en\\\/company\\\/#breadcrumb\",\"itemListElement\":[{\"@type\":\"ListItem\",\"position\":1,\"name\":\"Home\",\"item\":\"https:\\\/\\\/www.brainscript.de\\\/en\\\/\"},{\"@type\":\"ListItem\",\"position\":2,\"name\":\"Company\"}]},{\"@type\":\"WebSite\",\"@id\":\"https:\\\/\\\/www.brainscript.de\\\/#website\",\"url\":\"https:\\\/\\\/www.brainscript.de\\\/\",\"name\":\"brain script\u00ae a licensed DIKT GmbH brand\",\"description\":\"Corporate Video | Corporate TV | Imagefilm | Consulting | Publishing\",\"publisher\":{\"@id\":\"https:\\\/\\\/www.brainscript.de\\\/#organization\"},\"alternateName\":\"brain script\",\"potentialAction\":[{\"@type\":\"SearchAction\",\"target\":{\"@type\":\"EntryPoint\",\"urlTemplate\":\"https:\\\/\\\/www.brainscript.de\\\/?s={search_term_string}\"},\"query-input\":{\"@type\":\"PropertyValueSpecification\",\"valueRequired\":true,\"valueName\":\"search_term_string\"}}],\"inLanguage\":\"en-US\"},{\"@type\":\"Organization\",\"@id\":\"https:\\\/\\\/www.brainscript.de\\\/#organization\",\"name\":\"brain script GmbH\",\"url\":\"https:\\\/\\\/www.brainscript.de\\\/\",\"logo\":{\"@type\":\"ImageObject\",\"inLanguage\":\"en-US\",\"@id\":\"https:\\\/\\\/www.brainscript.de\\\/#\\\/schema\\\/logo\\\/image\\\/\",\"url\":\"https:\\\/\\\/www.brainscript.de\\\/wp-content\\\/uploads\\\/2015\\\/09\\\/brain-script-Logo-72dpi-klein_rgb.png\",\"contentUrl\":\"https:\\\/\\\/www.brainscript.de\\\/wp-content\\\/uploads\\\/2015\\\/09\\\/brain-script-Logo-72dpi-klein_rgb.png\",\"width\":180,\"height\":118,\"caption\":\"brain script GmbH\"},\"image\":{\"@id\":\"https:\\\/\\\/www.brainscript.de\\\/#\\\/schema\\\/logo\\\/image\\\/\"},\"sameAs\":[\"https:\\\/\\\/www.facebook.com\\\/brainscript\",\"https:\\\/\\\/www.instagram.com\\\/brainscript\\\/\"]}]}<\/script>\n<!-- \/ Yoast SEO plugin. -->","yoast_head_json":{"title":"Company - brain script GmbH","robots":{"index":"index","follow":"follow","max-snippet":"max-snippet:-1","max-image-preview":"max-image-preview:large","max-video-preview":"max-video-preview:-1"},"canonical":"https:\/\/www.brainscript.de\/en\/company\/","og_locale":"en_US","og_type":"article","og_title":"Company - brain script GmbH","og_description":"[vc_row][vc_column width=&#8221;1\/1&#8243;][vc_column_text] Kommunikationsberatung, Strategie und Bewegtbild Mehr als 20 Jahre Kompetenz in Beratung, Fernsehen und Print brain script bietet Ihnen [&hellip;]","og_url":"https:\/\/www.brainscript.de\/en\/company\/","og_site_name":"brain script GmbH","article_publisher":"https:\/\/www.facebook.com\/brainscript","article_modified_time":"2025-10-16T15:06:16+00:00","og_image":[{"width":1200,"height":675,"url":"https:\/\/www.brainscript.de\/wp-content\/uploads\/2017\/01\/Dreh_BKK_brain_script.jpg","type":"image\/jpeg"}],"twitter_card":"summary_large_image","twitter_misc":{"Est. reading time":"3 minutes"},"schema":{"@context":"https:\/\/schema.org","@graph":[{"@type":"WebPage","@id":"https:\/\/www.brainscript.de\/en\/company\/","url":"https:\/\/www.brainscript.de\/en\/company\/","name":"Company - brain script GmbH","isPartOf":{"@id":"https:\/\/www.brainscript.de\/#website"},"primaryImageOfPage":{"@id":"https:\/\/www.brainscript.de\/en\/company\/#primaryimage"},"image":{"@id":"https:\/\/www.brainscript.de\/en\/company\/#primaryimage"},"thumbnailUrl":"https:\/\/www.brainscript.de\/wp-content\/uploads\/2017\/01\/Dreh_BKK_brain_script.jpg","datePublished":"2014-01-31T14:51:01+00:00","dateModified":"2025-10-16T15:06:16+00:00","breadcrumb":{"@id":"https:\/\/www.brainscript.de\/en\/company\/#breadcrumb"},"inLanguage":"en-US","potentialAction":[{"@type":"ReadAction","target":["https:\/\/www.brainscript.de\/en\/company\/"]}]},{"@type":"ImageObject","inLanguage":"en-US","@id":"https:\/\/www.brainscript.de\/en\/company\/#primaryimage","url":"https:\/\/www.brainscript.de\/wp-content\/uploads\/2017\/01\/Dreh_BKK_brain_script.jpg","contentUrl":"https:\/\/www.brainscript.de\/wp-content\/uploads\/2017\/01\/Dreh_BKK_brain_script.jpg","width":1200,"height":675},{"@type":"BreadcrumbList","@id":"https:\/\/www.brainscript.de\/en\/company\/#breadcrumb","itemListElement":[{"@type":"ListItem","position":1,"name":"Home","item":"https:\/\/www.brainscript.de\/en\/"},{"@type":"ListItem","position":2,"name":"Company"}]},{"@type":"WebSite","@id":"https:\/\/www.brainscript.de\/#website","url":"https:\/\/www.brainscript.de\/","name":"brain script\u00ae a licensed DIKT GmbH brand","description":"Corporate Video | Corporate TV | Imagefilm | Consulting | Publishing","publisher":{"@id":"https:\/\/www.brainscript.de\/#organization"},"alternateName":"brain script","potentialAction":[{"@type":"SearchAction","target":{"@type":"EntryPoint","urlTemplate":"https:\/\/www.brainscript.de\/?s={search_term_string}"},"query-input":{"@type":"PropertyValueSpecification","valueRequired":true,"valueName":"search_term_string"}}],"inLanguage":"en-US"},{"@type":"Organization","@id":"https:\/\/www.brainscript.de\/#organization","name":"brain script GmbH","url":"https:\/\/www.brainscript.de\/","logo":{"@type":"ImageObject","inLanguage":"en-US","@id":"https:\/\/www.brainscript.de\/#\/schema\/logo\/image\/","url":"https:\/\/www.brainscript.de\/wp-content\/uploads\/2015\/09\/brain-script-Logo-72dpi-klein_rgb.png","contentUrl":"https:\/\/www.brainscript.de\/wp-content\/uploads\/2015\/09\/brain-script-Logo-72dpi-klein_rgb.png","width":180,"height":118,"caption":"brain script GmbH"},"image":{"@id":"https:\/\/www.brainscript.de\/#\/schema\/logo\/image\/"},"sameAs":["https:\/\/www.facebook.com\/brainscript","https:\/\/www.instagram.com\/brainscript\/"]}]}},"_links":{"self":[{"href":"https:\/\/www.brainscript.de\/en\/wp-json\/wp\/v2\/pages\/986","targetHints":{"allow":["GET"]}}],"collection":[{"href":"https:\/\/www.brainscript.de\/en\/wp-json\/wp\/v2\/pages"}],"about":[{"href":"https:\/\/www.brainscript.de\/en\/wp-json\/wp\/v2\/types\/page"}],"author":[{"embeddable":true,"href":"https:\/\/www.brainscript.de\/en\/wp-json\/wp\/v2\/users\/1"}],"replies":[{"embeddable":true,"href":"https:\/\/www.brainscript.de\/en\/wp-json\/wp\/v2\/comments?post=986"}],"version-history":[{"count":4,"href":"https:\/\/www.brainscript.de\/en\/wp-json\/wp\/v2\/pages\/986\/revisions"}],"predecessor-version":[{"id":1100,"href":"https:\/\/www.brainscript.de\/en\/wp-json\/wp\/v2\/pages\/986\/revisions\/1100"}],"wp:featuredmedia":[{"embeddable":true,"href":"https:\/\/www.brainscript.de\/en\/wp-json\/wp\/v2\/media\/1746"}],"wp:attachment":[{"href":"https:\/\/www.brainscript.de\/en\/wp-json\/wp\/v2\/media?parent=986"}],"curies":[{"name":"wp","href":"https:\/\/api.w.org\/{rel}","templated":true}]}}