{"id":987,"date":"2014-02-06T17:54:28","date_gmt":"2014-02-06T15:54:28","guid":{"rendered":"http:\/\/www.brainscript.de\/?page_id=987"},"modified":"2024-07-05T13:16:19","modified_gmt":"2024-07-05T11:16:19","slug":"impressum","status":"publish","type":"page","link":"https:\/\/www.brainscript.de\/en\/impressum\/","title":{"rendered":"Impressum"},"content":{"rendered":"<p align=\"justify\"><strong>brain script \u00ae<\/strong><br \/>\nconsulting | tv production | publishing<\/p>\n<p align=\"justify\">Verantwortlich f\u00fcr den Inhalt dieser Internetpr\u00e4senz:<br \/>\nGesch\u00e4ftsf\u00fchrer Dr. Nikolai A. Behr<\/p>\n<p><strong>brain script\u00ae<\/strong> ist eine von der DIKT GmbH lizensierte, <a href=\"https:\/\/register.dpma.de\/DPMAregister\/marke\/register\/302298223\/DE\" target=\"_blank\" rel=\"noopener noreferrer\">eingetragene Marke<\/a> und patentrechtlich gesch\u00fctzt.<\/p>\n<p>\u00a9 2024 <strong>DIKT GmbH<\/strong>, Sitz M\u00fcnchen, Registergericht M\u00fcnchen HRG-Nr. 168483<br \/>\n(Umsatzsteueridentifikationsnummer: DE 254841788)<\/p>\n<p><strong>Veranstalter dieser Internetpr\u00e4senz<\/strong>:<br \/>\nDIKT GmbH<br \/>\nDr. Nikolai A. Behr I Tel. 08988904635<br \/>\nbehr (at) brainscript (.) de<br \/>\nMontgelasstr. 8 | 81679 M\u00fcnchen<br \/>\nVerantwortlicher i.S.d. Presserechts: Dr. Nikolai A. Behr<\/p>\n<p>Alle Rechte vorbehalten. Der Inhalt dieser Website ist urheberrechtlich gesch\u00fctzt.<\/p>\n<p>Fotos, Grafiken und weitere Dateien nur mit ausdr\u00fccklicher Genehmigung der brain script GmbH gespeichert und vervielf\u00e4ltigt werden.<br \/>\nbrain script \u00ae \u00fcbernimmt keine Haftung oder Garantie f\u00fcr die Aktualit\u00e4t, Richtigkeit und Vollst\u00e4ndigkeit der auf dieser Internetseite publizierten Informationen.<br \/>\nFotonachweis: soweit nicht anders angegeben Nikolai A. Behr und Archiv Chris Nowotny.<br \/>\nWir haben uns bem\u00fcht, f\u00fcr alle Abbildungen die entsprechenden Inhaber der Rechte zu ermitteln. Sollten dennoch Anspr\u00fcche offen sein, bitten wir um Benachrichtigung.<\/p>\n<div class=\"c-scrollbar__hider\" role=\"presentation\" data-qa=\"slack_kit_scrollbar\">\n<div class=\"c-scrollbar__child\" role=\"presentation\">\n<div class=\"c-virtual_list__scroll_container\" role=\"presentation\" data-qa=\"slack_kit_list\">\n<div id=\"1584624602.009100\" class=\"c-virtual_list__item\" tabindex=\"-1\" role=\"listitem\" aria-expanded=\"false\" data-qa=\"virtual-list-item\">\n<div class=\"c-message_kit__background p-message_pane_message__message c-message_kit__message p-message_pane_message__message--last\" role=\"document\" data-qa=\"message_container\" data-qa-unprocessed=\"false\" data-qa-placeholder=\"false\">\n<div class=\"c-message_kit__hover\" role=\"document\" data-qa-hover=\"true\">\n<div class=\"c-message_kit__actions c-message_kit__actions--default\">\n<div class=\"c-message_kit__gutter\">\n<div class=\"c-message_kit__gutter__right\" data-qa=\"message_content\">\n<div class=\"c-message_kit__blocks c-message_kit__blocks--rich_text\">\n<div class=\"c-message__message_blocks c-message__message_blocks--rich_text\">\n<div class=\"p-block_kit_renderer\" data-qa=\"block-kit-renderer\">\n<div class=\"p-block_kit_renderer__block_wrapper p-block_kit_renderer__block_wrapper--first\">\n<div class=\"p-rich_text_block\" dir=\"auto\">\n<div class=\"p-rich_text_section\">Stornoregelung:<br \/>\nBei Absage oder Terminverlegung bis 10 Kalendertage vor Produktionsbeginn erfolgt in der Regel keine Berechnung des Produktionstages, aber f\u00fcr alle bis dahin aufgelaufenen Vorbereitungsleistungen. Eine Absage oder Terminverlegung ab 9 Kalendertagen kostet 50% der Angebotssumme f\u00fcr den Produktionstag, plus alle bis dahin aufgelaufenen Vorbereitungsleistungen. Bei einer Absage oder Terminverlegung ab 3 Kalendertagen wird die volle Angebotssumme f\u00fcr die gesamte Produktion f\u00e4llig.<\/div>\n<\/div>\n<\/div>\n<\/div>\n<\/div>\n<\/div>\n<\/div>\n<\/div>\n<\/div>\n<\/div>\n<\/div>\n<\/div>\n<\/div>\n<\/div>\n<\/div>\n<div class=\"c-scrollbar__track\" role=\"presentation\"><\/div>\n<p>Haftungsausschluss:<\/p>\n<p>Inhalt des Onlineangebotes<\/p>\n<p>brain script \u00ae \u00fcbernimmt keinerlei Gew\u00e4hr f\u00fcr die Aktualit\u00e4t, Korrektheit, Vollst\u00e4ndigkeit oder Qualit\u00e4t der bereitgestellten Informationen. Haftungsanspr\u00fcche gegen brain script \u00ae, die sich auf Sch\u00e4den materieller oder ideeller Art beziehen, die durch die Nutzung oder Nichtnutzung der dargebotenen Informationen bzw. durch die Nutzung fehlerhafter und unvollst\u00e4ndiger Informationen verursacht wurden sind grunds\u00e4tzlich ausgeschlossen, sofern seitens des Autors kein nachweislich vors\u00e4tzliches oder grob fahrl\u00e4ssiges Verschulden vorliegt. Alle Angebote sind freibleibend und unverbindlich. brain script beh\u00e4lt es sich ausdr\u00fccklich vor, Teile der Seiten oder das gesamte Angebot ohne gesonderte Ank\u00fcndigung zu ver\u00e4ndern, zu erg\u00e4nzen, zu l\u00f6schen oder die Ver\u00f6ffentlichung zeitweise oder endg\u00fcl tig einzustellen.<\/p>\n<p>Verweise und Links<\/p>\n<p>Bei direkten oder indirekten Verweisen auf fremde Internetseiten (\u201cLinks\u201d), die au\u00dferhalb des Verantwortungsbereiches von brain script \u00ae liegen, w\u00fcrde eine Haftungsverpflichtung ausschlie\u00dflich nur in dem Fall in Kraft treten, in dem brain script von den Inhalten Kenntnis hat und es ihr technisch m\u00f6glich und zumutbar w\u00e4re, die Nutzung im Falle rechtswidriger Inhalte zu verhindern. brain script \u00ae hat keinerlei Einfluss auf die aktuelle und zuk\u00fcnftige Gestaltung und auf die Inhalte der gelinkten\/verkn\u00fcpften Seiten. Deshalb distanziert sie sich hiermit ausdr\u00fccklich von allen Inhalten aller gelinkten\/verkn\u00fcpften Seiten, die nach der Linksetzung ver\u00e4ndert wurden.<\/p>\n<p>Wir widersprechen Werbemails!<\/p>\n<p>Der Nutzung von im Rahmen der Impressumspflicht ver\u00f6ffentlichten Kontaktdaten zur \u00dcbersendung von nicht ausdr\u00fccklich angeforderter Werbung und Informationsmaterialien wird hiermit ausdr\u00fccklich widersprochen. Wir behalten uns ausdr\u00fccklich rechtliche Schritte im Falle der unverlangten Zusendung von Werbeinformationen, etwa durch Spam-E-Mails oder postalische Postsendungen vor.<\/p>\n<p>Urheber- und Kennzeichenrecht<\/p>\n<p>brain script \u00ae ist bestrebt, in allen Publikationen die Urheberrechte der verwendeten Grafiken, Tondokumente, Videosequenzen und Texte zu beachten, von ihr selbst erstellte Grafiken, Tondokumente, Videosequenzen und Texte zu nutzen oder auf lizenzfreie Grafiken, Tondokumente, Videosequenzen und Texte zur\u00fcckzugreifen. Alle innerhalb des Internetangebotes genannten und ggf. durch Dritte gesch\u00fctzten Marken- und Warenzeichen unterliegen uneingeschr\u00e4nkt den Bestimmungen des jeweils g\u00fcltigen Kennzeichenrechts und den Besitzrechten der jeweiligen eingetragenen Eigent\u00fcmer. Allein aufgrund der blo\u00dfen Nennung ist nicht der Schluss zu ziehen, dass Markenzeichen nicht durch Rechte Dritter gesch\u00fctzt sind! Das Copyright f\u00fcr ver\u00f6ffentlichte, von brain script \u00ae selbst erstellter Objekte bleibt allein bei brain script. Eine Vervielf\u00e4ltigung oder Verwendung solcher Grafiken, Tondokumente, Videosequenzen und Texte in anderen elektronischen oder gedruckten Publikationen ist ohne ausdr\u00fcckliche Zustimmung von brain script \u00ae nicht gestattet.<\/p>\n<p><a href=\"http:\/\/www.brainscript.de\/datenschutz\/\">Datenschutz<\/a><\/p>\n","protected":false},"excerpt":{"rendered":"<p>brain script \u00ae consulting | tv production | publishing Verantwortlich f\u00fcr den Inhalt dieser Internetpr\u00e4senz: Gesch\u00e4ftsf\u00fchrer Dr. Nikolai A. Behr [&hellip;]<\/p>\n","protected":false},"author":1,"featured_media":0,"parent":0,"menu_order":0,"comment_status":"closed","ping_status":"closed","template":"","meta":{"site-sidebar-layout":"default","site-content-layout":"","ast-site-content-layout":"default","site-content-style":"default","site-sidebar-style":"default","ast-global-header-display":"","ast-banner-title-visibility":"","ast-main-header-display":"","ast-hfb-above-header-display":"","ast-hfb-below-header-display":"","ast-hfb-mobile-header-display":"","site-post-title":"","ast-breadcrumbs-content":"","ast-featured-img":"","footer-sml-layout":"","ast-disable-related-posts":"","theme-transparent-header-meta":"","adv-header-id-meta":"","stick-header-meta":"","header-above-stick-meta":"","header-main-stick-meta":"","header-below-stick-meta":"","astra-migrate-meta-layouts":"default","ast-page-background-enabled":"default","ast-page-background-meta":{"desktop":{"background-color":"var(--ast-global-color-5)","background-image":"","background-repeat":"repeat","background-position":"center center","background-size":"auto","background-attachment":"scroll","background-type":"","background-media":"","overlay-type":"","overlay-color":"","overlay-opacity":"","overlay-gradient":""},"tablet":{"background-color":"","background-image":"","background-repeat":"repeat","background-position":"center center","background-size":"auto","background-attachment":"scroll","background-type":"","background-media":"","overlay-type":"","overlay-color":"","overlay-opacity":"","overlay-gradient":""},"mobile":{"background-color":"","background-image":"","background-repeat":"repeat","background-position":"center center","background-size":"auto","background-attachment":"scroll","background-type":"","background-media":"","overlay-type":"","overlay-color":"","overlay-opacity":"","overlay-gradient":""}},"ast-content-background-meta":{"desktop":{"background-color":"var(--ast-global-color-4)","background-image":"","background-repeat":"repeat","background-position":"center center","background-size":"auto","background-attachment":"scroll","background-type":"","background-media":"","overlay-type":"","overlay-color":"","overlay-opacity":"","overlay-gradient":""},"tablet":{"background-color":"var(--ast-global-color-4)","background-image":"","background-repeat":"repeat","background-position":"center center","background-size":"auto","background-attachment":"scroll","background-type":"","background-media":"","overlay-type":"","overlay-color":"","overlay-opacity":"","overlay-gradient":""},"mobile":{"background-color":"var(--ast-global-color-4)","background-image":"","background-repeat":"repeat","background-position":"center center","background-size":"auto","background-attachment":"scroll","background-type":"","background-media":"","overlay-type":"","overlay-color":"","overlay-opacity":"","overlay-gradient":""}},"footnotes":""},"class_list":["post-987","page","type-page","status-publish","hentry"],"yoast_head":"<!-- This site is optimized with the Yoast SEO plugin v27.3 - https:\/\/yoast.com\/product\/yoast-seo-wordpress\/ -->\n<title>Impressum - brain script GmbH<\/title>\n<meta name=\"robots\" content=\"index, follow, max-snippet:-1, max-image-preview:large, max-video-preview:-1\" \/>\n<link rel=\"canonical\" href=\"https:\/\/www.brainscript.de\/en\/impressum\/\" \/>\n<meta property=\"og:locale\" content=\"en_US\" \/>\n<meta property=\"og:type\" content=\"article\" \/>\n<meta property=\"og:title\" content=\"Impressum - brain script GmbH\" \/>\n<meta property=\"og:description\" content=\"brain script \u00ae consulting | tv production | publishing Verantwortlich f\u00fcr den Inhalt dieser Internetpr\u00e4senz: Gesch\u00e4ftsf\u00fchrer Dr. Nikolai A. Behr [&hellip;]\" \/>\n<meta property=\"og:url\" content=\"https:\/\/www.brainscript.de\/en\/impressum\/\" \/>\n<meta property=\"og:site_name\" content=\"brain script GmbH\" \/>\n<meta property=\"article:publisher\" content=\"https:\/\/www.facebook.com\/brainscript\" \/>\n<meta property=\"article:modified_time\" content=\"2024-07-05T11:16:19+00:00\" \/>\n<meta name=\"twitter:card\" content=\"summary_large_image\" \/>\n<meta name=\"twitter:label1\" content=\"Est. reading time\" \/>\n\t<meta name=\"twitter:data1\" content=\"3 minutes\" \/>\n<script type=\"application\/ld+json\" class=\"yoast-schema-graph\">{\"@context\":\"https:\\\/\\\/schema.org\",\"@graph\":[{\"@type\":\"WebPage\",\"@id\":\"https:\\\/\\\/www.brainscript.de\\\/en\\\/impressum\\\/\",\"url\":\"https:\\\/\\\/www.brainscript.de\\\/en\\\/impressum\\\/\",\"name\":\"Impressum - brain script GmbH\",\"isPartOf\":{\"@id\":\"https:\\\/\\\/www.brainscript.de\\\/#website\"},\"datePublished\":\"2014-02-06T15:54:28+00:00\",\"dateModified\":\"2024-07-05T11:16:19+00:00\",\"breadcrumb\":{\"@id\":\"https:\\\/\\\/www.brainscript.de\\\/en\\\/impressum\\\/#breadcrumb\"},\"inLanguage\":\"en-US\",\"potentialAction\":[{\"@type\":\"ReadAction\",\"target\":[\"https:\\\/\\\/www.brainscript.de\\\/en\\\/impressum\\\/\"]}]},{\"@type\":\"BreadcrumbList\",\"@id\":\"https:\\\/\\\/www.brainscript.de\\\/en\\\/impressum\\\/#breadcrumb\",\"itemListElement\":[{\"@type\":\"ListItem\",\"position\":1,\"name\":\"Home\",\"item\":\"https:\\\/\\\/www.brainscript.de\\\/en\\\/\"},{\"@type\":\"ListItem\",\"position\":2,\"name\":\"Impressum\"}]},{\"@type\":\"WebSite\",\"@id\":\"https:\\\/\\\/www.brainscript.de\\\/#website\",\"url\":\"https:\\\/\\\/www.brainscript.de\\\/\",\"name\":\"brain script\u00ae a licensed DIKT GmbH brand\",\"description\":\"Corporate Video | Corporate TV | Imagefilm | Consulting | Publishing\",\"publisher\":{\"@id\":\"https:\\\/\\\/www.brainscript.de\\\/#organization\"},\"alternateName\":\"brain script\",\"potentialAction\":[{\"@type\":\"SearchAction\",\"target\":{\"@type\":\"EntryPoint\",\"urlTemplate\":\"https:\\\/\\\/www.brainscript.de\\\/?s={search_term_string}\"},\"query-input\":{\"@type\":\"PropertyValueSpecification\",\"valueRequired\":true,\"valueName\":\"search_term_string\"}}],\"inLanguage\":\"en-US\"},{\"@type\":\"Organization\",\"@id\":\"https:\\\/\\\/www.brainscript.de\\\/#organization\",\"name\":\"brain script GmbH\",\"url\":\"https:\\\/\\\/www.brainscript.de\\\/\",\"logo\":{\"@type\":\"ImageObject\",\"inLanguage\":\"en-US\",\"@id\":\"https:\\\/\\\/www.brainscript.de\\\/#\\\/schema\\\/logo\\\/image\\\/\",\"url\":\"https:\\\/\\\/www.brainscript.de\\\/wp-content\\\/uploads\\\/2015\\\/09\\\/brain-script-Logo-72dpi-klein_rgb.png\",\"contentUrl\":\"https:\\\/\\\/www.brainscript.de\\\/wp-content\\\/uploads\\\/2015\\\/09\\\/brain-script-Logo-72dpi-klein_rgb.png\",\"width\":180,\"height\":118,\"caption\":\"brain script GmbH\"},\"image\":{\"@id\":\"https:\\\/\\\/www.brainscript.de\\\/#\\\/schema\\\/logo\\\/image\\\/\"},\"sameAs\":[\"https:\\\/\\\/www.facebook.com\\\/brainscript\",\"https:\\\/\\\/www.instagram.com\\\/brainscript\\\/\"]}]}<\/script>\n<!-- \/ Yoast SEO plugin. -->","yoast_head_json":{"title":"Impressum - brain script GmbH","robots":{"index":"index","follow":"follow","max-snippet":"max-snippet:-1","max-image-preview":"max-image-preview:large","max-video-preview":"max-video-preview:-1"},"canonical":"https:\/\/www.brainscript.de\/en\/impressum\/","og_locale":"en_US","og_type":"article","og_title":"Impressum - brain script GmbH","og_description":"brain script \u00ae consulting | tv production | publishing Verantwortlich f\u00fcr den Inhalt dieser Internetpr\u00e4senz: Gesch\u00e4ftsf\u00fchrer Dr. Nikolai A. Behr [&hellip;]","og_url":"https:\/\/www.brainscript.de\/en\/impressum\/","og_site_name":"brain script GmbH","article_publisher":"https:\/\/www.facebook.com\/brainscript","article_modified_time":"2024-07-05T11:16:19+00:00","twitter_card":"summary_large_image","twitter_misc":{"Est. reading time":"3 minutes"},"schema":{"@context":"https:\/\/schema.org","@graph":[{"@type":"WebPage","@id":"https:\/\/www.brainscript.de\/en\/impressum\/","url":"https:\/\/www.brainscript.de\/en\/impressum\/","name":"Impressum - brain script GmbH","isPartOf":{"@id":"https:\/\/www.brainscript.de\/#website"},"datePublished":"2014-02-06T15:54:28+00:00","dateModified":"2024-07-05T11:16:19+00:00","breadcrumb":{"@id":"https:\/\/www.brainscript.de\/en\/impressum\/#breadcrumb"},"inLanguage":"en-US","potentialAction":[{"@type":"ReadAction","target":["https:\/\/www.brainscript.de\/en\/impressum\/"]}]},{"@type":"BreadcrumbList","@id":"https:\/\/www.brainscript.de\/en\/impressum\/#breadcrumb","itemListElement":[{"@type":"ListItem","position":1,"name":"Home","item":"https:\/\/www.brainscript.de\/en\/"},{"@type":"ListItem","position":2,"name":"Impressum"}]},{"@type":"WebSite","@id":"https:\/\/www.brainscript.de\/#website","url":"https:\/\/www.brainscript.de\/","name":"brain script\u00ae a licensed DIKT GmbH brand","description":"Corporate Video | Corporate TV | Imagefilm | Consulting | Publishing","publisher":{"@id":"https:\/\/www.brainscript.de\/#organization"},"alternateName":"brain script","potentialAction":[{"@type":"SearchAction","target":{"@type":"EntryPoint","urlTemplate":"https:\/\/www.brainscript.de\/?s={search_term_string}"},"query-input":{"@type":"PropertyValueSpecification","valueRequired":true,"valueName":"search_term_string"}}],"inLanguage":"en-US"},{"@type":"Organization","@id":"https:\/\/www.brainscript.de\/#organization","name":"brain script GmbH","url":"https:\/\/www.brainscript.de\/","logo":{"@type":"ImageObject","inLanguage":"en-US","@id":"https:\/\/www.brainscript.de\/#\/schema\/logo\/image\/","url":"https:\/\/www.brainscript.de\/wp-content\/uploads\/2015\/09\/brain-script-Logo-72dpi-klein_rgb.png","contentUrl":"https:\/\/www.brainscript.de\/wp-content\/uploads\/2015\/09\/brain-script-Logo-72dpi-klein_rgb.png","width":180,"height":118,"caption":"brain script GmbH"},"image":{"@id":"https:\/\/www.brainscript.de\/#\/schema\/logo\/image\/"},"sameAs":["https:\/\/www.facebook.com\/brainscript","https:\/\/www.instagram.com\/brainscript\/"]}]}},"_links":{"self":[{"href":"https:\/\/www.brainscript.de\/en\/wp-json\/wp\/v2\/pages\/987","targetHints":{"allow":["GET"]}}],"collection":[{"href":"https:\/\/www.brainscript.de\/en\/wp-json\/wp\/v2\/pages"}],"about":[{"href":"https:\/\/www.brainscript.de\/en\/wp-json\/wp\/v2\/types\/page"}],"author":[{"embeddable":true,"href":"https:\/\/www.brainscript.de\/en\/wp-json\/wp\/v2\/users\/1"}],"replies":[{"embeddable":true,"href":"https:\/\/www.brainscript.de\/en\/wp-json\/wp\/v2\/comments?post=987"}],"version-history":[{"count":10,"href":"https:\/\/www.brainscript.de\/en\/wp-json\/wp\/v2\/pages\/987\/revisions"}],"predecessor-version":[{"id":2336,"href":"https:\/\/www.brainscript.de\/en\/wp-json\/wp\/v2\/pages\/987\/revisions\/2336"}],"wp:attachment":[{"href":"https:\/\/www.brainscript.de\/en\/wp-json\/wp\/v2\/media?parent=987"}],"curies":[{"name":"wp","href":"https:\/\/api.w.org\/{rel}","templated":true}]}}